{"id":7402,"date":"2023-07-20T14:22:47","date_gmt":"2023-07-20T12:22:47","guid":{"rendered":"https:\/\/forster-unternehmensgruppe.de\/ochrana-udaju\/"},"modified":"2024-11-04T10:21:34","modified_gmt":"2024-11-04T09:21:34","slug":"ochrana-udaju","status":"publish","type":"page","link":"https:\/\/forster-unternehmensgruppe.de\/cs\/ochrana-udaju\/","title":{"rendered":"OCHRANA \u00daDAJ\u016e"},"content":{"rendered":"\t\t<div data-elementor-type=\"wp-page\" data-elementor-id=\"7402\" class=\"elementor elementor-7402 elementor-4600\" data-elementor-post-type=\"page\">\n\t\t\t\t\t\t<section class=\"elementor-section elementor-top-section elementor-element elementor-element-b4cae0b elementor-section-boxed elementor-section-height-default elementor-section-height-default\" data-id=\"b4cae0b\" data-element_type=\"section\" data-e-type=\"section\">\n\t\t\t\t\t\t<div class=\"elementor-container elementor-column-gap-no\">\n\t\t\t\t\t<div class=\"elementor-column elementor-col-100 elementor-top-column elementor-element elementor-element-36307d5\" data-id=\"36307d5\" data-element_type=\"column\" data-e-type=\"column\">\n\t\t\t<div class=\"elementor-widget-wrap elementor-element-populated\">\n\t\t\t\t\t\t<div class=\"elementor-element elementor-element-f476e8e elementor-widget elementor-widget-spacer\" data-id=\"f476e8e\" data-element_type=\"widget\" data-e-type=\"widget\" data-widget_type=\"spacer.default\">\n\t\t\t\t<div class=\"elementor-widget-container\">\n\t\t\t\t\t\t\t<div class=\"elementor-spacer\">\n\t\t\t<div class=\"elementor-spacer-inner\"><\/div>\n\t\t<\/div>\n\t\t\t\t\t\t<\/div>\n\t\t\t\t<\/div>\n\t\t\t\t<div class=\"elementor-element elementor-element-4244090 elementor-widget elementor-widget-heading\" data-id=\"4244090\" data-element_type=\"widget\" data-e-type=\"widget\" data-widget_type=\"heading.default\">\n\t\t\t\t<div class=\"elementor-widget-container\">\n\t\t\t\t\t<h1 class=\"elementor-heading-title elementor-size-default\">Ochrana \u00fadaj\u016f<\/h1>\t\t\t\t<\/div>\n\t\t\t\t<\/div>\n\t\t\t\t\t<\/div>\n\t\t<\/div>\n\t\t\t\t\t<\/div>\n\t\t<\/section>\n\t\t\t\t<section class=\"elementor-section elementor-top-section elementor-element elementor-element-9371e1e elementor-section-boxed elementor-section-height-default elementor-section-height-default\" data-id=\"9371e1e\" data-element_type=\"section\" data-e-type=\"section\">\n\t\t\t\t\t\t<div class=\"elementor-container elementor-column-gap-no\">\n\t\t\t\t\t<div class=\"elementor-column elementor-col-100 elementor-top-column elementor-element elementor-element-e36cc6a\" data-id=\"e36cc6a\" data-element_type=\"column\" data-e-type=\"column\">\n\t\t\t<div class=\"elementor-widget-wrap elementor-element-populated\">\n\t\t\t\t\t\t<div class=\"elementor-element elementor-element-b4c52df elementor-widget elementor-widget-text-editor\" data-id=\"b4c52df\" data-element_type=\"widget\" data-e-type=\"widget\" data-widget_type=\"text-editor.default\">\n\t\t\t\t<div class=\"elementor-widget-container\">\n\t\t\t\t\t\t\t\t\t<h3>1. p\u0159ehled ochrany \u00fadaj\u016f<\/h3>\n<h5>Obecn\u00e9 informace<\/h5>\n<p>N\u00e1sleduj\u00edc\u00ed informace poskytuj\u00ed jednoduch\u00fd p\u0159ehled o tom, co se d\u011bje s va\u0161imi osobn\u00edmi \u00fadaji, kdy\u017e nav\u0161t\u00edv\u00edte na\u0161e webov\u00e9 str\u00e1nky. Osobn\u00ed \u00fadaje jsou ve\u0161ker\u00e9 \u00fadaje, kter\u00e9 lze pou\u017e\u00edt k va\u0161\u00ed osobn\u00ed identifikaci. Podrobn\u00e9 informace o p\u0159edm\u011btu ochrany osobn\u00edch \u00fadaj\u016f naleznete v na\u0161em prohl\u00e1\u0161en\u00ed o ochran\u011b osobn\u00edch \u00fadaj\u016f uveden\u00e9m pod t\u00edmto textem.  <\/p>\n<h5>Shroma\u017e\u010fov\u00e1n\u00ed \u00fadaj\u016f na na\u0161ich webov\u00fdch str\u00e1nk\u00e1ch<\/h5>\n<p><b>Kdo je zodpov\u011bdn\u00fd za shroma\u017e\u010fov\u00e1n\u00ed \u00fadaj\u016f na t\u011bchto webov\u00fdch str\u00e1nk\u00e1ch?<\/b><\/p>\n<p>Zpracov\u00e1n\u00ed \u00fadaj\u016f na t\u011bchto webov\u00fdch str\u00e1nk\u00e1ch prov\u00e1d\u00ed provozovatel webov\u00fdch str\u00e1nek. Kontaktn\u00ed \u00fadaje provozovatele naleznete v pr\u00e1vn\u00edm upozorn\u011bn\u00ed t\u011bchto webov\u00fdch str\u00e1nek. <\/p>\n<p><b>Jak shroma\u017e\u010fujeme va\u0161e \u00fadaje?<\/b><\/p>\n<p>Na jedn\u00e9 stran\u011b jsou va\u0161e \u00fadaje shroma\u017e\u010fov\u00e1ny, kdy\u017e n\u00e1m je poskytnete. Mohou to b\u00fdt nap\u0159\u00edklad \u00fadaje, kter\u00e9 zad\u00e1te do kontaktn\u00edho formul\u00e1\u0159e. <\/p>\n<p>Dal\u0161\u00ed \u00fadaje jsou automaticky shroma\u017e\u010fov\u00e1ny na\u0161imi IT syst\u00e9my p\u0159i n\u00e1v\u0161t\u011bv\u011b webov\u00fdch str\u00e1nek. Jedn\u00e1 se p\u0159edev\u0161\u00edm o technick\u00e9 \u00fadaje (nap\u0159. internetov\u00fd prohl\u00ed\u017ee\u010d, opera\u010dn\u00ed syst\u00e9m nebo \u010das zobrazen\u00ed str\u00e1nky). Tyto \u00fadaje jsou shroma\u017e\u010fov\u00e1ny automaticky, jakmile vstoup\u00edte na na\u0161e webov\u00e9 str\u00e1nky.  <\/p>\n<p><b>K \u010demu va\u0161e \u00fadaje pou\u017e\u00edv\u00e1me?<\/b><\/p>\n<p>N\u011bkter\u00e9 \u00fadaje jsou shroma\u017e\u010fov\u00e1ny za \u00fa\u010delem zaji\u0161t\u011bn\u00ed bezchybn\u00e9ho poskytov\u00e1n\u00ed webov\u00fdch str\u00e1nek. Dal\u0161\u00ed \u00fadaje mohou b\u00fdt pou\u017eity k anal\u00fdze u\u017eivatelsk\u00e9ho chov\u00e1n\u00ed. <\/p>\n<p><b>Jak\u00e1 m\u00e1te pr\u00e1va t\u00fdkaj\u00edc\u00ed se va\u0161ich \u00fadaj\u016f?<\/b><\/p>\n<p>M\u00e1te pr\u00e1vo kdykoli bezplatn\u011b z\u00edskat informace o p\u016fvodu, p\u0159\u00edjemci a \u00fa\u010delu ulo\u017een\u00fdch osobn\u00edch \u00fadaj\u016f. M\u00e1te tak\u00e9 pr\u00e1vo po\u017e\u00e1dat o opravu, zablokov\u00e1n\u00ed nebo vymaz\u00e1n\u00ed t\u011bchto \u00fadaj\u016f. V p\u0159\u00edpad\u011b dal\u0161\u00edch dotaz\u016f t\u00fdkaj\u00edc\u00edch se ochrany osobn\u00edch \u00fadaj\u016f n\u00e1s m\u016f\u017eete kdykoli kontaktovat na adrese uveden\u00e9 v pr\u00e1vn\u00edm upozorn\u011bn\u00ed. M\u00e1te tak\u00e9 pr\u00e1vo podat st\u00ed\u017enost u p\u0159\u00edslu\u0161n\u00e9ho dozorov\u00e9ho \u00fa\u0159adu.   <\/p>\n<h5>N\u00e1stroje od poskytovatel\u016f t\u0159et\u00edch stran<\/h5>\n<p>Kdy\u017e nav\u0161t\u00edv\u00edte na\u0161e webov\u00e9 str\u00e1nky, va\u0161e chov\u00e1n\u00ed p\u0159i surfov\u00e1n\u00ed m\u016f\u017ee b\u00fdt statisticky vyhodnoceno. K tomu se pou\u017e\u00edvaj\u00ed zejm\u00e9na soubory cookie a takzvan\u00e9 analytick\u00e9 programy. Anal\u00fdza va\u0161eho chov\u00e1n\u00ed p\u0159i surfov\u00e1n\u00ed je obvykle anonymn\u00ed; chov\u00e1n\u00ed p\u0159i surfov\u00e1n\u00ed nelze zp\u011btn\u011b vysledovat. Proti t\u00e9to anal\u00fdze m\u016f\u017eete vzn\u00e9st n\u00e1mitku nebo j\u00ed zabr\u00e1nit t\u00edm, \u017ee nebudete pou\u017e\u00edvat ur\u010dit\u00e9 n\u00e1stroje. Podrobnosti o tom najdete v na\u0161ich z\u00e1sad\u00e1ch ochrany osobn\u00edch \u00fadaj\u016f v \u010d\u00e1sti &#8222;Moduly t\u0159et\u00edch stran a analytick\u00e9 n\u00e1stroje&#8220;.    <\/p>\n<p>Proti t\u00e9to anal\u00fdze m\u016f\u017eete vzn\u00e9st n\u00e1mitku. O mo\u017enostech vznesen\u00ed n\u00e1mitky v\u00e1s budeme informovat v t\u011bchto z\u00e1sad\u00e1ch ochrany osobn\u00edch \u00fadaj\u016f. <\/p>\n<h3>2 Obecn\u00e9 pozn\u00e1mky a povinn\u00e9 informace<\/h3>\n<h5>Ochrana \u00fadaj\u016f<\/h5>\n<p>Provozovatel\u00e9 t\u011bchto str\u00e1nek berou ochranu va\u0161ich osobn\u00edch \u00fadaj\u016f velmi v\u00e1\u017en\u011b. S va\u0161imi osobn\u00edmi \u00fadaji zach\u00e1z\u00edme d\u016fv\u011brn\u011b a v souladu se z\u00e1konn\u00fdmi p\u0159edpisy o ochran\u011b osobn\u00edch \u00fadaj\u016f a t\u011bmito z\u00e1sadami ochrany osobn\u00edch \u00fadaj\u016f. <\/p>\n<p>P\u0159i pou\u017e\u00edv\u00e1n\u00ed t\u011bchto webov\u00fdch str\u00e1nek jsou shroma\u017e\u010fov\u00e1ny r\u016fzn\u00e9 osobn\u00ed \u00fadaje. Osobn\u00ed \u00fadaje jsou \u00fadaje, kter\u00e9 lze pou\u017e\u00edt k va\u0161\u00ed osobn\u00ed identifikaci. Tyto z\u00e1sady ochrany osobn\u00edch \u00fadaj\u016f vysv\u011btluj\u00ed, jak\u00e9 \u00fadaje shroma\u017e\u010fujeme a k \u010demu je pou\u017e\u00edv\u00e1me. Vysv\u011btluje tak\u00e9, jak a za jak\u00fdm \u00fa\u010delem se tak d\u011bje.   <\/p>\n<p>R\u00e1di bychom upozornili, \u017ee p\u0159enos dat p\u0159es internet (nap\u0159. p\u0159i komunikaci e-mailem) m\u016f\u017ee m\u00edt bezpe\u010dnostn\u00ed mezery. \u00dapln\u00e1 ochrana \u00fadaj\u016f p\u0159ed p\u0159\u00edstupem t\u0159et\u00edch stran nen\u00ed mo\u017en\u00e1. <\/p>\n<h5>Pozn\u00e1mka k odpov\u011bdn\u00e9mu subjektu<\/h5>\n<p>Spr\u00e1vcem odpov\u011bdn\u00fdm za zpracov\u00e1n\u00ed \u00fadaj\u016f na t\u011bchto webov\u00fdch str\u00e1nk\u00e1ch je<\/p>\n<p>Forster Stahl- und Anlagenbau GmbH Johann Forster Am Forst 6 92637 Weiden<\/p>\n<p>Telefon: 0961 &#8211; 381 787 &#8211; 0 E-mail:<a href=\"mailto:jforster@forster-gmbh.de\">jforster(at)forster-gmbh.de<\/a><\/p>\n<p>Spr\u00e1vce je fyzick\u00e1 nebo pr\u00e1vnick\u00e1 osoba, kter\u00e1 sama nebo spole\u010dn\u011b s jin\u00fdmi ur\u010duje \u00fa\u010dely a prost\u0159edky zpracov\u00e1n\u00ed osobn\u00edch \u00fadaj\u016f (nap\u0159. jm\u00e9na, e-mailov\u00e9 adresy atd.).<\/p>\n<h5>Odvol\u00e1n\u00ed souhlasu se zpracov\u00e1n\u00edm \u00fadaj\u016f<\/h5>\n<p>\u0158ada operac\u00ed zpracov\u00e1n\u00ed \u00fadaj\u016f je mo\u017en\u00e1 pouze s va\u0161\u00edm v\u00fdslovn\u00fdm souhlasem. Souhlas, kter\u00fd jste ji\u017e ud\u011blili, m\u016f\u017eete kdykoli odvolat. Sta\u010d\u00ed, kdy\u017e n\u00e1m za\u0161lete neform\u00e1ln\u00ed e-mail. Z\u00e1konnost zpracov\u00e1n\u00ed \u00fadaj\u016f proveden\u00e9ho do odvol\u00e1n\u00ed z\u016fst\u00e1v\u00e1 odvol\u00e1n\u00edm nedot\u010dena.   <\/p>\n<h5>Pr\u00e1vo na p\u0159enositelnost \u00fadaj\u016f<\/h5>\n<p>M\u00e1te pr\u00e1vo na to, abychom v\u00e1m nebo t\u0159et\u00ed stran\u011b p\u0159edali \u00fadaje, kter\u00e9 zpracov\u00e1v\u00e1me automaticky na z\u00e1klad\u011b va\u0161eho souhlasu nebo v r\u00e1mci pln\u011bn\u00ed smlouvy, v b\u011b\u017en\u011b pou\u017e\u00edvan\u00e9m, strojov\u011b \u010diteln\u00e9m form\u00e1tu. Pokud po\u017e\u00e1d\u00e1te o p\u0159\u00edm\u00e9 p\u0159ed\u00e1n\u00ed \u00fadaj\u016f jin\u00e9mu spr\u00e1vci, uskute\u010dn\u00ed se pouze v p\u0159\u00edpad\u011b, \u017ee je to technicky provediteln\u00e9. <\/p>\n<h5>\u0160ifrov\u00e1n\u00ed SSL nebo TLS<\/h5>\n<p>Tyto str\u00e1nky pou\u017e\u00edvaj\u00ed \u0161ifrov\u00e1n\u00ed SSL nebo TLS z bezpe\u010dnostn\u00edch d\u016fvod\u016f a k ochran\u011b p\u0159enosu d\u016fv\u011brn\u00e9ho obsahu, jako jsou objedn\u00e1vky nebo dotazy, kter\u00e9 n\u00e1m jako provozovateli str\u00e1nek zas\u00edl\u00e1te. \u0160ifrovan\u00e9 spojen\u00ed pozn\u00e1te podle toho, \u017ee se adresn\u00ed \u0159\u00e1dek prohl\u00ed\u017ee\u010de zm\u011bn\u00ed z &#8222;http:\/\/&#8220; na &#8222;https:\/\/&#8220; a podle symbolu z\u00e1mku v \u0159\u00e1dku prohl\u00ed\u017ee\u010de.  <\/p>\n<p>Pokud je aktivov\u00e1no \u0161ifrov\u00e1n\u00ed SSL nebo TLS, nemohou \u00fadaje, kter\u00e9 n\u00e1m p\u0159ed\u00e1v\u00e1te, \u010d\u00edst t\u0159et\u00ed strany.<\/p>\n<h5>Informace, blokov\u00e1n\u00ed, maz\u00e1n\u00ed<\/h5>\n<p>V r\u00e1mci platn\u00fdch pr\u00e1vn\u00edch p\u0159edpis\u016f m\u00e1te pr\u00e1vo kdykoli bezplatn\u011b z\u00edskat informace o sv\u00fdch ulo\u017een\u00fdch osobn\u00edch \u00fadaj\u00edch, jejich p\u016fvodu a p\u0159\u00edjemci a \u00fa\u010delu zpracov\u00e1n\u00ed \u00fadaj\u016f a v p\u0159\u00edpad\u011b pot\u0159eby pr\u00e1vo na opravu, zablokov\u00e1n\u00ed nebo vymaz\u00e1n\u00ed t\u011bchto \u00fadaj\u016f. V p\u0159\u00edpad\u011b dal\u0161\u00edch dotaz\u016f t\u00fdkaj\u00edc\u00edch se osobn\u00edch \u00fadaj\u016f n\u00e1s m\u016f\u017eete kdykoli kontaktovat na adrese uveden\u00e9 v pr\u00e1vn\u00edm upozorn\u011bn\u00ed. <\/p>\n<h5>N\u00e1mitka proti reklamn\u00edm e-mail\u016fm<\/h5>\n<p>T\u00edmto vzn\u00e1\u0161\u00edme n\u00e1mitku proti pou\u017eit\u00ed kontaktn\u00edch \u00fadaj\u016f zve\u0159ejn\u011bn\u00fdch v r\u00e1mci na\u0161\u00ed povinnosti poskytnout z\u00e1konn\u00e9 ozn\u00e1men\u00ed za \u00fa\u010delem zas\u00edl\u00e1n\u00ed nevy\u017e\u00e1dan\u00fdch reklamn\u00edch a informa\u010dn\u00edch materi\u00e1l\u016f. Provozovatel\u00e9 t\u011bchto webov\u00fdch str\u00e1nek si v\u00fdslovn\u011b vyhrazuj\u00ed pr\u00e1vo podniknout pr\u00e1vn\u00ed kroky v p\u0159\u00edpad\u011b nevy\u017e\u00e1dan\u00e9ho zas\u00edl\u00e1n\u00ed reklamn\u00edch informac\u00ed, nap\u0159. nevy\u017e\u00e1dan\u00fdch e-mail\u016f. <\/p>\n<h3>3. shroma\u017e\u010fov\u00e1n\u00ed \u00fadaj\u016f na na\u0161ich webov\u00fdch str\u00e1nk\u00e1ch<\/h3>\n<h5>Soubory cookie<\/h5>\n<p>N\u011bkter\u00e9 internetov\u00e9 str\u00e1nky pou\u017e\u00edvaj\u00ed tzv. cookies. Cookies nepo\u0161kozuj\u00ed v\u00e1\u0161 po\u010d\u00edta\u010d a neobsahuj\u00ed viry. Soubory cookie slou\u017e\u00ed k tomu, aby na\u0161e webov\u00e9 str\u00e1nky byly u\u017eivatelsky p\u0159\u00edv\u011btiv\u011bj\u0161\u00ed, efektivn\u011bj\u0161\u00ed a bezpe\u010dn\u011bj\u0161\u00ed. Soubory cookie jsou mal\u00e9 textov\u00e9 soubory, kter\u00e9 se ukl\u00e1daj\u00ed do va\u0161eho po\u010d\u00edta\u010de a ukl\u00e1d\u00e1 je v\u00e1\u0161 prohl\u00ed\u017ee\u010d.   <\/p>\n<p>V\u011bt\u0161ina soubor\u016f cookie, kter\u00e9 pou\u017e\u00edv\u00e1me, jsou tzv. &#8222;soubory cookie relace&#8220;. Ty se automaticky vyma\u017eou po skon\u010den\u00ed va\u0161\u00ed n\u00e1v\u0161t\u011bvy. Ostatn\u00ed soubory cookie z\u016fst\u00e1vaj\u00ed ulo\u017eeny ve va\u0161em koncov\u00e9m za\u0159\u00edzen\u00ed, dokud je neodstran\u00edte. Tyto soubory cookie n\u00e1m umo\u017e\u0148uj\u00ed rozpoznat v\u00e1\u0161 prohl\u00ed\u017ee\u010d p\u0159i va\u0161\u00ed dal\u0161\u00ed n\u00e1v\u0161t\u011bv\u011b.   <\/p>\n<p>Sv\u016fj prohl\u00ed\u017ee\u010d m\u016f\u017eete nastavit tak, abyste byli informov\u00e1ni o nastavov\u00e1n\u00ed soubor\u016f cookie a povolit soubory cookie pouze v jednotliv\u00fdch p\u0159\u00edpadech, vylou\u010dit p\u0159ij\u00edm\u00e1n\u00ed soubor\u016f cookie pro ur\u010dit\u00e9 p\u0159\u00edpady nebo obecn\u011b a aktivovat automatick\u00e9 maz\u00e1n\u00ed soubor\u016f cookie p\u0159i zav\u0159en\u00ed prohl\u00ed\u017ee\u010de. V p\u0159\u00edpad\u011b deaktivace soubor\u016f cookie m\u016f\u017ee b\u00fdt omezena funk\u010dnost t\u011bchto webov\u00fdch str\u00e1nek. <\/p>\n<p>Soubory cookie, kter\u00e9 jsou nezbytn\u00e9 k prov\u00e1d\u011bn\u00ed elektronick\u00e9 komunikace nebo k poskytov\u00e1n\u00ed ur\u010dit\u00fdch funkc\u00ed, kter\u00e9 jste si vy\u017e\u00e1dali (nap\u0159. funkce n\u00e1kupn\u00edho ko\u0161\u00edku), jsou ukl\u00e1d\u00e1ny na z\u00e1klad\u011b \u010dl. 6 odst. 1 p\u00edsm. f GDPR. Provozovatel webov\u00fdch str\u00e1nek m\u00e1 opr\u00e1vn\u011bn\u00fd z\u00e1jem na ukl\u00e1d\u00e1n\u00ed soubor\u016f cookie za \u00fa\u010delem technicky bezchybn\u00e9ho a optimalizovan\u00e9ho poskytov\u00e1n\u00ed sv\u00fdch slu\u017eeb. Pokud jsou ukl\u00e1d\u00e1ny jin\u00e9 soubory cookie (nap\u0159. soubory cookie pro anal\u00fdzu va\u0161eho chov\u00e1n\u00ed p\u0159i surfov\u00e1n\u00ed), jsou v t\u011bchto z\u00e1sad\u00e1ch ochrany osobn\u00edch \u00fadaj\u016f \u0159e\u0161eny samostatn\u011b.    <\/p>\n<h5>Soubory protokolu serveru<\/h5>\n<p>Provozovatel str\u00e1nek automaticky shroma\u017e\u010fuje a ukl\u00e1d\u00e1 informace do tzv. protokolov\u00fdch soubor\u016f serveru, kter\u00e9 n\u00e1m v\u00e1\u0161 prohl\u00ed\u017ee\u010d automaticky p\u0159ed\u00e1v\u00e1. Jedn\u00e1 se o <\/p>\n<ul>\n<li>Typ a verze prohl\u00ed\u017ee\u010de<\/li>\n<li>Pou\u017eit\u00fd opera\u010dn\u00ed syst\u00e9m<\/li>\n<li>Adresa URL odkazuj\u00edc\u00edho subjektu<\/li>\n<li>N\u00e1zev hostitele p\u0159istupuj\u00edc\u00edho po\u010d\u00edta\u010de<\/li>\n<li>\u010cas po\u017eadavku serveru<\/li>\n<li>IP adresa<\/li>\n<\/ul>\n<p>Tyto \u00fadaje nejsou slou\u010deny s jin\u00fdmi zdroji dat.<\/p>\n<p>Z\u00e1kladem pro zpracov\u00e1n\u00ed \u00fadaj\u016f je \u010dl. 6 odst. 1 p\u00edsm. b) GDPR, kter\u00fd umo\u017e\u0148uje zpracov\u00e1n\u00ed \u00fadaj\u016f za \u00fa\u010delem pln\u011bn\u00ed smlouvy nebo p\u0159edsmluvn\u00edch opat\u0159en\u00ed.  <\/p>\n<h3>4. pluginy a n\u00e1stroje<\/h3>\n<h5>YouTube<\/h5>\n<p>Na\u0161e webov\u00e9 str\u00e1nky pou\u017e\u00edvaj\u00ed pluginy z webu YouTube provozovan\u00e9ho spole\u010dnost\u00ed Google. Provozovatelem str\u00e1nek je spole\u010dnost YouTube, LLC, 901 Cherry Ave, San Bruno, CA 94066, USA.<\/p>\n<p>Kdy\u017e nav\u0161t\u00edv\u00edte n\u011bkterou z na\u0161ich str\u00e1nek vybavenou pluginem YouTube, dojde k p\u0159ipojen\u00ed k server\u016fm YouTube. T\u00edm je serveru YouTube sd\u011bleno, kterou z na\u0161ich str\u00e1nek jste nav\u0161t\u00edvili. <\/p>\n<p>Pokud jste p\u0159ihl\u00e1\u0161eni ke sv\u00e9mu \u00fa\u010dtu YouTube, umo\u017e\u0148ujete YouTube p\u0159i\u0159adit va\u0161e chov\u00e1n\u00ed p\u0159i surfov\u00e1n\u00ed p\u0159\u00edmo k va\u0161emu osobn\u00edmu profilu. Tomu m\u016f\u017eete zabr\u00e1nit odhl\u00e1\u0161en\u00edm z \u00fa\u010dtu YouTube. <\/p>\n<p>Pou\u017eit\u00ed YouTube je v z\u00e1jmu atraktivn\u00ed prezentace na\u0161ich online nab\u00eddek. To p\u0159edstavuje opr\u00e1vn\u011bn\u00fd z\u00e1jem ve smyslu \u010dl. 6 odst. 1 p\u00edsm. f GDPR.   <\/p>\n<p>Dal\u0161\u00ed informace o nakl\u00e1d\u00e1n\u00ed s u\u017eivatelsk\u00fdmi \u00fadaji naleznete v z\u00e1sad\u00e1ch ochrany osobn\u00edch \u00fadaj\u016f spole\u010dnosti YouTube na adrese.  <\/p>\n<p><a href=\"https:\/\/www.google.de\/intl\/de\/policies\/privacy\" target=\"_blank\" rel=\"noopener\">https:\/\/www.google.de\/intl\/de\/policies\/privacy.<\/a><\/p>\n\t\t\t\t\t\t\t\t<\/div>\n\t\t\t\t<\/div>\n\t\t\t\t\t<\/div>\n\t\t<\/div>\n\t\t\t\t\t<\/div>\n\t\t<\/section>\n\t\t\t\t<\/div>\n\t\t","protected":false},"excerpt":{"rendered":"<p>Ochrana \u00fadaj\u016f 1. p\u0159ehled ochrany \u00fadaj\u016f Obecn\u00e9 informace N\u00e1sleduj\u00edc\u00ed informace poskytuj\u00ed jednoduch\u00fd p\u0159ehled o tom, co se d\u011bje s va\u0161imi osobn\u00edmi \u00fadaji, kdy\u017e nav\u0161t\u00edv\u00edte na\u0161e webov\u00e9 str\u00e1nky. Osobn\u00ed \u00fadaje jsou ve\u0161ker\u00e9 \u00fadaje, kter\u00e9 lze pou\u017e\u00edt k va\u0161\u00ed osobn\u00ed identifikaci. Podrobn\u00e9 informace o p\u0159edm\u011btu ochrany osobn\u00edch \u00fadaj\u016f naleznete v na\u0161em prohl\u00e1\u0161en\u00ed o ochran\u011b osobn\u00edch \u00fadaj\u016f uveden\u00e9m [&hellip;]<\/p>\n","protected":false},"author":5,"featured_media":0,"parent":0,"menu_order":21,"comment_status":"closed","ping_status":"closed","template":"","meta":{"_acf_changed":false,"footnotes":""},"class_list":["post-7402","page","type-page","status-publish","hentry"],"acf":[],"yoast_head":"<!-- This site is optimized with the Yoast SEO plugin v27.4 - https:\/\/yoast.com\/product\/yoast-seo-wordpress\/ -->\n<title>Forster Unternehmensgruppe - OCHRANA \u00daDAJ\u016e<\/title>\n<meta name=\"description\" content=\"Forster Unternehmensgruppe - OCHRANA \u00daDAJ\u016e\" \/>\n<meta name=\"robots\" content=\"noindex, follow\" \/>\n<meta property=\"og:locale\" content=\"cs_CZ\" \/>\n<meta property=\"og:type\" content=\"article\" \/>\n<meta property=\"og:title\" content=\"Forster Unternehmensgruppe - OCHRANA \u00daDAJ\u016e\" \/>\n<meta property=\"og:description\" content=\"Forster Unternehmensgruppe - OCHRANA \u00daDAJ\u016e\" \/>\n<meta property=\"og:url\" content=\"https:\/\/forster-unternehmensgruppe.de\/cs\/ochrana-udaju\/\" \/>\n<meta property=\"og:site_name\" content=\"Forster Unternehmensgruppe\" \/>\n<meta property=\"article:publisher\" content=\"https:\/\/www.facebook.com\/forsterhallenbau\" \/>\n<meta property=\"article:modified_time\" content=\"2024-11-04T09:21:34+00:00\" \/>\n<meta property=\"og:image\" content=\"https:\/\/forster-unternehmensgruppe.de\/wp-content\/uploads\/2023\/10\/Forster_Logo_UG-2.webp\" \/>\n\t<meta property=\"og:image:width\" content=\"260\" \/>\n\t<meta property=\"og:image:height\" content=\"121\" \/>\n\t<meta property=\"og:image:type\" content=\"image\/webp\" \/>\n<meta name=\"twitter:card\" content=\"summary_large_image\" \/>\n<meta name=\"twitter:label1\" content=\"Odhadovan\u00e1 doba \u010dten\u00ed\" \/>\n\t<meta name=\"twitter:data1\" content=\"9 minut\" \/>\n<script type=\"application\/ld+json\" class=\"yoast-schema-graph\">{\"@context\":\"https:\\\/\\\/schema.org\",\"@graph\":[{\"@type\":\"WebPage\",\"@id\":\"https:\\\/\\\/forster-unternehmensgruppe.de\\\/cs\\\/ochrana-udaju\\\/\",\"url\":\"https:\\\/\\\/forster-unternehmensgruppe.de\\\/cs\\\/ochrana-udaju\\\/\",\"name\":\"Forster Unternehmensgruppe - OCHRANA \u00daDAJ\u016e\",\"isPartOf\":{\"@id\":\"https:\\\/\\\/forster-unternehmensgruppe.de\\\/cs\\\/#website\"},\"datePublished\":\"2023-07-20T12:22:47+00:00\",\"dateModified\":\"2024-11-04T09:21:34+00:00\",\"description\":\"Forster Unternehmensgruppe - OCHRANA \u00daDAJ\u016e\",\"breadcrumb\":{\"@id\":\"https:\\\/\\\/forster-unternehmensgruppe.de\\\/cs\\\/ochrana-udaju\\\/#breadcrumb\"},\"inLanguage\":\"cs\",\"potentialAction\":[{\"@type\":\"ReadAction\",\"target\":[\"https:\\\/\\\/forster-unternehmensgruppe.de\\\/cs\\\/ochrana-udaju\\\/\"]}]},{\"@type\":\"BreadcrumbList\",\"@id\":\"https:\\\/\\\/forster-unternehmensgruppe.de\\\/cs\\\/ochrana-udaju\\\/#breadcrumb\",\"itemListElement\":[{\"@type\":\"ListItem\",\"position\":1,\"name\":\"Startseite\",\"item\":\"https:\\\/\\\/forster-unternehmensgruppe.de\\\/cs\\\/\"},{\"@type\":\"ListItem\",\"position\":2,\"name\":\"OCHRANA \u00daDAJ\u016e\"}]},{\"@type\":\"WebSite\",\"@id\":\"https:\\\/\\\/forster-unternehmensgruppe.de\\\/cs\\\/#website\",\"url\":\"https:\\\/\\\/forster-unternehmensgruppe.de\\\/cs\\\/\",\"name\":\"Forster Unternehmensgruppe\",\"description\":\"verstehen. denken. bauen\",\"publisher\":{\"@id\":\"https:\\\/\\\/forster-unternehmensgruppe.de\\\/cs\\\/#organization\"},\"potentialAction\":[{\"@type\":\"SearchAction\",\"target\":{\"@type\":\"EntryPoint\",\"urlTemplate\":\"https:\\\/\\\/forster-unternehmensgruppe.de\\\/cs\\\/?s={search_term_string}\"},\"query-input\":{\"@type\":\"PropertyValueSpecification\",\"valueRequired\":true,\"valueName\":\"search_term_string\"}}],\"inLanguage\":\"cs\"},{\"@type\":\"Organization\",\"@id\":\"https:\\\/\\\/forster-unternehmensgruppe.de\\\/cs\\\/#organization\",\"name\":\"Forster Unternehmensgruppe\",\"url\":\"https:\\\/\\\/forster-unternehmensgruppe.de\\\/cs\\\/\",\"logo\":{\"@type\":\"ImageObject\",\"inLanguage\":\"cs\",\"@id\":\"https:\\\/\\\/forster-unternehmensgruppe.de\\\/cs\\\/#\\\/schema\\\/logo\\\/image\\\/\",\"url\":\"https:\\\/\\\/forster-unternehmensgruppe.de\\\/wp-content\\\/uploads\\\/2023\\\/10\\\/Forster_Logo_UG-2.webp\",\"contentUrl\":\"https:\\\/\\\/forster-unternehmensgruppe.de\\\/wp-content\\\/uploads\\\/2023\\\/10\\\/Forster_Logo_UG-2.webp\",\"width\":260,\"height\":121,\"caption\":\"Forster Unternehmensgruppe\"},\"image\":{\"@id\":\"https:\\\/\\\/forster-unternehmensgruppe.de\\\/cs\\\/#\\\/schema\\\/logo\\\/image\\\/\"},\"sameAs\":[\"https:\\\/\\\/www.facebook.com\\\/forsterhallenbau\",\"https:\\\/\\\/www.youtube.com\\\/channel\\\/UCRV6gkhOjNA4PUESdI_lQbQ\",\"https:\\\/\\\/www.instagram.com\\\/forsterunternehmensgruppe\\\/\",\"https:\\\/\\\/de.linkedin.com\\\/company\\\/forster-unternehmensgruppe?trk=public_post_feed-actor-name\"]}]}<\/script>\n<!-- \/ Yoast SEO plugin. -->","yoast_head_json":{"title":"Forster Unternehmensgruppe - OCHRANA \u00daDAJ\u016e","description":"Forster Unternehmensgruppe - OCHRANA \u00daDAJ\u016e","robots":{"index":"noindex","follow":"follow"},"og_locale":"cs_CZ","og_type":"article","og_title":"Forster Unternehmensgruppe - OCHRANA \u00daDAJ\u016e","og_description":"Forster Unternehmensgruppe - OCHRANA \u00daDAJ\u016e","og_url":"https:\/\/forster-unternehmensgruppe.de\/cs\/ochrana-udaju\/","og_site_name":"Forster Unternehmensgruppe","article_publisher":"https:\/\/www.facebook.com\/forsterhallenbau","article_modified_time":"2024-11-04T09:21:34+00:00","og_image":[{"width":260,"height":121,"url":"https:\/\/forster-unternehmensgruppe.de\/wp-content\/uploads\/2023\/10\/Forster_Logo_UG-2.webp","type":"image\/webp"}],"twitter_card":"summary_large_image","twitter_misc":{"Odhadovan\u00e1 doba \u010dten\u00ed":"9 minut"},"schema":{"@context":"https:\/\/schema.org","@graph":[{"@type":"WebPage","@id":"https:\/\/forster-unternehmensgruppe.de\/cs\/ochrana-udaju\/","url":"https:\/\/forster-unternehmensgruppe.de\/cs\/ochrana-udaju\/","name":"Forster Unternehmensgruppe - OCHRANA \u00daDAJ\u016e","isPartOf":{"@id":"https:\/\/forster-unternehmensgruppe.de\/cs\/#website"},"datePublished":"2023-07-20T12:22:47+00:00","dateModified":"2024-11-04T09:21:34+00:00","description":"Forster Unternehmensgruppe - OCHRANA \u00daDAJ\u016e","breadcrumb":{"@id":"https:\/\/forster-unternehmensgruppe.de\/cs\/ochrana-udaju\/#breadcrumb"},"inLanguage":"cs","potentialAction":[{"@type":"ReadAction","target":["https:\/\/forster-unternehmensgruppe.de\/cs\/ochrana-udaju\/"]}]},{"@type":"BreadcrumbList","@id":"https:\/\/forster-unternehmensgruppe.de\/cs\/ochrana-udaju\/#breadcrumb","itemListElement":[{"@type":"ListItem","position":1,"name":"Startseite","item":"https:\/\/forster-unternehmensgruppe.de\/cs\/"},{"@type":"ListItem","position":2,"name":"OCHRANA \u00daDAJ\u016e"}]},{"@type":"WebSite","@id":"https:\/\/forster-unternehmensgruppe.de\/cs\/#website","url":"https:\/\/forster-unternehmensgruppe.de\/cs\/","name":"Forster Unternehmensgruppe","description":"verstehen. denken. bauen","publisher":{"@id":"https:\/\/forster-unternehmensgruppe.de\/cs\/#organization"},"potentialAction":[{"@type":"SearchAction","target":{"@type":"EntryPoint","urlTemplate":"https:\/\/forster-unternehmensgruppe.de\/cs\/?s={search_term_string}"},"query-input":{"@type":"PropertyValueSpecification","valueRequired":true,"valueName":"search_term_string"}}],"inLanguage":"cs"},{"@type":"Organization","@id":"https:\/\/forster-unternehmensgruppe.de\/cs\/#organization","name":"Forster Unternehmensgruppe","url":"https:\/\/forster-unternehmensgruppe.de\/cs\/","logo":{"@type":"ImageObject","inLanguage":"cs","@id":"https:\/\/forster-unternehmensgruppe.de\/cs\/#\/schema\/logo\/image\/","url":"https:\/\/forster-unternehmensgruppe.de\/wp-content\/uploads\/2023\/10\/Forster_Logo_UG-2.webp","contentUrl":"https:\/\/forster-unternehmensgruppe.de\/wp-content\/uploads\/2023\/10\/Forster_Logo_UG-2.webp","width":260,"height":121,"caption":"Forster Unternehmensgruppe"},"image":{"@id":"https:\/\/forster-unternehmensgruppe.de\/cs\/#\/schema\/logo\/image\/"},"sameAs":["https:\/\/www.facebook.com\/forsterhallenbau","https:\/\/www.youtube.com\/channel\/UCRV6gkhOjNA4PUESdI_lQbQ","https:\/\/www.instagram.com\/forsterunternehmensgruppe\/","https:\/\/de.linkedin.com\/company\/forster-unternehmensgruppe?trk=public_post_feed-actor-name"]}]}},"_links":{"self":[{"href":"https:\/\/forster-unternehmensgruppe.de\/cs\/wp-json\/wp\/v2\/pages\/7402","targetHints":{"allow":["GET"]}}],"collection":[{"href":"https:\/\/forster-unternehmensgruppe.de\/cs\/wp-json\/wp\/v2\/pages"}],"about":[{"href":"https:\/\/forster-unternehmensgruppe.de\/cs\/wp-json\/wp\/v2\/types\/page"}],"author":[{"embeddable":true,"href":"https:\/\/forster-unternehmensgruppe.de\/cs\/wp-json\/wp\/v2\/users\/5"}],"replies":[{"embeddable":true,"href":"https:\/\/forster-unternehmensgruppe.de\/cs\/wp-json\/wp\/v2\/comments?post=7402"}],"version-history":[{"count":0,"href":"https:\/\/forster-unternehmensgruppe.de\/cs\/wp-json\/wp\/v2\/pages\/7402\/revisions"}],"wp:attachment":[{"href":"https:\/\/forster-unternehmensgruppe.de\/cs\/wp-json\/wp\/v2\/media?parent=7402"}],"curies":[{"name":"wp","href":"https:\/\/api.w.org\/{rel}","templated":true}]}}